{"id":177,"date":"2025-05-28T12:00:26","date_gmt":"2025-05-28T12:00:26","guid":{"rendered":"https:\/\/coldbet.xyz\/pt\/?page_id=177"},"modified":"2025-08-13T12:23:37","modified_gmt":"2025-08-13T12:23:37","slug":"promo-code","status":"publish","type":"page","link":"https:\/\/coldbet.xyz\/pt\/promo-code\/","title":{"rendered":"C\u00f3digo promocional"},"content":{"rendered":"","protected":false},"excerpt":{"rendered":"","protected":false},"author":1,"featured_media":0,"parent":0,"menu_order":0,"comment_status":"closed","ping_status":"closed","template":"","meta":{"inline_featured_image":false,"footnotes":""},"class_list":["post-177","page","type-page","status-publish","hentry"],"yoast_head":"<!-- This site is optimized with the Yoast SEO plugin v24.8.1 - https:\/\/yoast.com\/wordpress\/plugins\/seo\/ -->\n<title>C\u00f3digo promocional ColdBet &gt; Obtenha as melhores ofertas<\/title>\n<meta name=\"description\" content=\"Procurando uma promo\u00e7\u00e3o? Use o nosso c\u00f3digo atualizado para obter b\u00f3nus e \u00f3timas ofertas na plataforma ColdBet. Jogue com vantagens.\" \/>\n<meta name=\"robots\" content=\"index, follow, max-snippet:-1, max-image-preview:large, max-video-preview:-1\" \/>\n<meta property=\"og:locale\" content=\"pt_PT\" \/>\n<meta property=\"og:type\" content=\"article\" \/>\n<meta property=\"og:title\" content=\"C\u00f3digo promocional ColdBet &gt; Obtenha as melhores ofertas\" \/>\n<meta property=\"og:description\" content=\"Procurando uma promo\u00e7\u00e3o? Use o nosso c\u00f3digo atualizado para obter b\u00f3nus e \u00f3timas ofertas na plataforma ColdBet. Jogue com vantagens.\" \/>\n<meta property=\"og:url\" content=\"https:\/\/coldbet.xyz\/pt\/promo-code\/\" \/>\n<meta property=\"og:site_name\" content=\"Coldbet xyz PT\" \/>\n<meta property=\"article:modified_time\" content=\"2025-08-13T12:23:37+00:00\" \/>\n<meta name=\"twitter:card\" content=\"summary_large_image\" \/>\n<script type=\"application\/ld+json\" class=\"yoast-schema-graph\">{\"@context\":\"https:\/\/schema.org\",\"@graph\":[{\"@type\":\"WebPage\",\"@id\":\"https:\/\/coldbet.xyz\/pt\/promo-code\/\",\"url\":\"https:\/\/coldbet.xyz\/pt\/promo-code\/\",\"name\":\"C\u00f3digo promocional ColdBet > Obtenha as melhores ofertas\",\"isPartOf\":{\"@id\":\"https:\/\/coldbet.xyz\/pt\/#website\"},\"datePublished\":\"2025-05-28T12:00:26+00:00\",\"dateModified\":\"2025-08-13T12:23:37+00:00\",\"description\":\"Procurando uma promo\u00e7\u00e3o? Use o nosso c\u00f3digo atualizado para obter b\u00f3nus e \u00f3timas ofertas na plataforma ColdBet. Jogue com vantagens.\",\"breadcrumb\":{\"@id\":\"https:\/\/coldbet.xyz\/pt\/promo-code\/#breadcrumb\"},\"inLanguage\":\"pt-PT\",\"potentialAction\":[{\"@type\":\"ReadAction\",\"target\":[\"https:\/\/coldbet.xyz\/pt\/promo-code\/\"]}]},{\"@type\":\"BreadcrumbList\",\"@id\":\"https:\/\/coldbet.xyz\/pt\/promo-code\/#breadcrumb\",\"itemListElement\":[{\"@type\":\"ListItem\",\"position\":1,\"name\":\"\u0413\u043b\u0430\u0432\u043d\u0430\u044f \u0441\u0442\u0440\u0430\u043d\u0438\u0446\u0430\",\"item\":\"https:\/\/coldbet.xyz\/pt\/\"},{\"@type\":\"ListItem\",\"position\":2,\"name\":\"C\u00f3digo promocional\"}]},{\"@type\":\"WebSite\",\"@id\":\"https:\/\/coldbet.xyz\/pt\/#website\",\"url\":\"https:\/\/coldbet.xyz\/pt\/\",\"name\":\"Coldbet xyz PT\",\"description\":\"My WordPress Blog\",\"potentialAction\":[{\"@type\":\"SearchAction\",\"target\":{\"@type\":\"EntryPoint\",\"urlTemplate\":\"https:\/\/coldbet.xyz\/pt\/?s={search_term_string}\"},\"query-input\":{\"@type\":\"PropertyValueSpecification\",\"valueRequired\":true,\"valueName\":\"search_term_string\"}}],\"inLanguage\":\"pt-PT\"}]}<\/script>\n<!-- \/ Yoast SEO plugin. -->","yoast_head_json":{"title":"C\u00f3digo promocional ColdBet > Obtenha as melhores ofertas","description":"Procurando uma promo\u00e7\u00e3o? Use o nosso c\u00f3digo atualizado para obter b\u00f3nus e \u00f3timas ofertas na plataforma ColdBet. Jogue com vantagens.","robots":{"index":"index","follow":"follow","max-snippet":"max-snippet:-1","max-image-preview":"max-image-preview:large","max-video-preview":"max-video-preview:-1"},"og_locale":"pt_PT","og_type":"article","og_title":"C\u00f3digo promocional ColdBet > Obtenha as melhores ofertas","og_description":"Procurando uma promo\u00e7\u00e3o? Use o nosso c\u00f3digo atualizado para obter b\u00f3nus e \u00f3timas ofertas na plataforma ColdBet. Jogue com vantagens.","og_url":"https:\/\/coldbet.xyz\/pt\/promo-code\/","og_site_name":"Coldbet xyz PT","article_modified_time":"2025-08-13T12:23:37+00:00","twitter_card":"summary_large_image","schema":{"@context":"https:\/\/schema.org","@graph":[{"@type":"WebPage","@id":"https:\/\/coldbet.xyz\/pt\/promo-code\/","url":"https:\/\/coldbet.xyz\/pt\/promo-code\/","name":"C\u00f3digo promocional ColdBet > Obtenha as melhores ofertas","isPartOf":{"@id":"https:\/\/coldbet.xyz\/pt\/#website"},"datePublished":"2025-05-28T12:00:26+00:00","dateModified":"2025-08-13T12:23:37+00:00","description":"Procurando uma promo\u00e7\u00e3o? Use o nosso c\u00f3digo atualizado para obter b\u00f3nus e \u00f3timas ofertas na plataforma ColdBet. Jogue com vantagens.","breadcrumb":{"@id":"https:\/\/coldbet.xyz\/pt\/promo-code\/#breadcrumb"},"inLanguage":"pt-PT","potentialAction":[{"@type":"ReadAction","target":["https:\/\/coldbet.xyz\/pt\/promo-code\/"]}]},{"@type":"BreadcrumbList","@id":"https:\/\/coldbet.xyz\/pt\/promo-code\/#breadcrumb","itemListElement":[{"@type":"ListItem","position":1,"name":"\u0413\u043b\u0430\u0432\u043d\u0430\u044f \u0441\u0442\u0440\u0430\u043d\u0438\u0446\u0430","item":"https:\/\/coldbet.xyz\/pt\/"},{"@type":"ListItem","position":2,"name":"C\u00f3digo promocional"}]},{"@type":"WebSite","@id":"https:\/\/coldbet.xyz\/pt\/#website","url":"https:\/\/coldbet.xyz\/pt\/","name":"Coldbet xyz PT","description":"My WordPress Blog","potentialAction":[{"@type":"SearchAction","target":{"@type":"EntryPoint","urlTemplate":"https:\/\/coldbet.xyz\/pt\/?s={search_term_string}"},"query-input":{"@type":"PropertyValueSpecification","valueRequired":true,"valueName":"search_term_string"}}],"inLanguage":"pt-PT"}]}},"_links":{"self":[{"href":"https:\/\/coldbet.xyz\/pt\/wp-json\/wp\/v2\/pages\/177","targetHints":{"allow":["GET"]}}],"collection":[{"href":"https:\/\/coldbet.xyz\/pt\/wp-json\/wp\/v2\/pages"}],"about":[{"href":"https:\/\/coldbet.xyz\/pt\/wp-json\/wp\/v2\/types\/page"}],"author":[{"embeddable":true,"href":"https:\/\/coldbet.xyz\/pt\/wp-json\/wp\/v2\/users\/1"}],"replies":[{"embeddable":true,"href":"https:\/\/coldbet.xyz\/pt\/wp-json\/wp\/v2\/comments?post=177"}],"version-history":[{"count":9,"href":"https:\/\/coldbet.xyz\/pt\/wp-json\/wp\/v2\/pages\/177\/revisions"}],"predecessor-version":[{"id":246,"href":"https:\/\/coldbet.xyz\/pt\/wp-json\/wp\/v2\/pages\/177\/revisions\/246"}],"wp:attachment":[{"href":"https:\/\/coldbet.xyz\/pt\/wp-json\/wp\/v2\/media?parent=177"}],"curies":[{"name":"wp","href":"https:\/\/api.w.org\/{rel}","templated":true}]}}